{"id":1283,"date":"2018-08-02T20:08:26","date_gmt":"2018-08-02T20:08:26","guid":{"rendered":"http:\/\/xtratheme.com\/kids\/?page_id=1283"},"modified":"2019-02-13T08:58:32","modified_gmt":"2019-02-13T05:58:32","slug":"gezilerimiz","status":"publish","type":"page","link":"http:\/\/kres.aycov.org.tr\/yeni\/gezilerimiz\/","title":{"rendered":"Gezilerimiz"},"content":{"rendered":"<p>[vc_row full_width=&#8221;stretch_row&#8221;][vc_column]<div id=\"cz_20343\" class=\"cz_20343\"><div class=\"cz_grid cz_grid_1 clr cz_grid_c4 cz_grid_1_title_sub_after cz_grid_1_no_hover cz_grid_1_bot tal\" data-gap=\"21\" data-atts='{\"action\":\"cz_ajax_posts\",\"post_class\":\"cz_grid_item\",\"post__in\":null,\"author__in\":null,\"nonce\":\"08823bdb78\",\"nonce_id\":\"cz_20343\",\"loadmore_end\":\"Not found more posts\",\"layout\":\"cz_grid_c4\",\"hover\":\"cz_grid_1_title_sub_after cz_grid_1_no_hover\",\"image_size\":\"450x450\",\"subtitles\":\"%5B%5D\",\"subtitle_pos\":\"\",\"icon\":\"fa fa-search\",\"el\":\"\",\"title_lenght\":\"\",\"cat_tax\":\"category\",\"cat\":\"60\",\"cat_exclude\":\"\",\"tag_tax\":\"post_tag\",\"tag_id\":\"\",\"tag_exclude\":\"\",\"post_type\":\"post\",\"posts_per_page\":\"16\",\"order\":\"DESC\",\"orderby\":\"date\",\"tilt_data\":null,\"svg_sizes\":[\"0\",\"0\"],\"img_fx\":\"\",\"custom_size\":\"450x450\",\"excerpt_rm\":false,\"title_tag\":\"h3\",\"s\":\"\"}'><div class=\"cz_grid_item cz_grid_first\"><\/div><div data-id=\"1680\" class=\"cz_grid_item  cz_posts_list_even post-1680 post type-post status-publish format-gallery has-post-thumbnail hentry category-gezilerimiz post_format-post-format-gallery\"><div class=\"clr\"><a class=\"cz_grid_link\" href=\"http:\/\/kres.aycov.org.tr\/yeni\/vizz-kids-play-yeni-yil-partimiz\/\" title=\"Vizz Kids Play Yeni Y\u0131l Partimiz\"><img class=\"\" src=\"data:image\/svg+xml,%3Csvg%20xmlns%3D&#39;http%3A%2F%2Fwww.w3.org%2F2000%2Fsvg&#39;%20width=&#39;450&#39;%20height=&#39;450&#39;%20viewBox%3D&#39;0%200%20450%20450&#39;%2F%3E\" data-czlz data-src=\"http:\/\/kres.aycov.org.tr\/yeni\/wp-content\/uploads\/2019\/02\/v5-450x450.jpg\" width=\"450\" height=\"450\" alt=\"v5\" title=\"v5\" \/><div class=\"cz_grid_details\"><i class=\"fa fa-search cz_grid_icon\"><\/i><\/div><\/a><div class=\"cz_grid_details cz_grid_details_outside\"><a class=\"cz_grid_title\" href=\"http:\/\/kres.aycov.org.tr\/yeni\/vizz-kids-play-yeni-yil-partimiz\/\"><h3>Vizz Kids Play Yeni Y\u0131l Partimiz<\/h3><\/a><\/div><\/div><\/div><div data-id=\"1671\" class=\"cz_grid_item  cz_posts_list_odd post-1671 post type-post status-publish format-gallery has-post-thumbnail hentry category-gezilerimiz post_format-post-format-gallery\"><div class=\"clr\"><a class=\"cz_grid_link\" href=\"http:\/\/kres.aycov.org.tr\/yeni\/masa-ile-koca-ayi-goseterisi\/\" title=\"Ma\u015fa ile Koca Ay\u0131 G\u00f6seterisi\"><img class=\"\" src=\"data:image\/svg+xml,%3Csvg%20xmlns%3D&#39;http%3A%2F%2Fwww.w3.org%2F2000%2Fsvg&#39;%20width=&#39;450&#39;%20height=&#39;450&#39;%20viewBox%3D&#39;0%200%20450%20450&#39;%2F%3E\" data-czlz data-src=\"http:\/\/kres.aycov.org.tr\/yeni\/wp-content\/uploads\/2019\/02\/p2-450x450.jpg\" width=\"450\" height=\"450\" alt=\"p2\" title=\"p2\" \/><div class=\"cz_grid_details\"><i class=\"fa fa-search cz_grid_icon\"><\/i><\/div><\/a><div class=\"cz_grid_details cz_grid_details_outside\"><a class=\"cz_grid_title\" href=\"http:\/\/kres.aycov.org.tr\/yeni\/masa-ile-koca-ayi-goseterisi\/\"><h3>Ma\u015fa ile Koca Ay\u0131 G\u00f6seterisi<\/h3><\/a><\/div><\/div><\/div><div data-id=\"1645\" class=\"cz_grid_item  cz_posts_list_even post-1645 post type-post status-publish format-gallery has-post-thumbnail hentry category-gezilerimiz post_format-post-format-gallery\"><div class=\"clr\"><a class=\"cz_grid_link\" href=\"http:\/\/kres.aycov.org.tr\/yeni\/meslek-oyunlari-parki-gezimiz\/\" title=\"Meslek Oyunlar\u0131 Park\u0131 Gezimiz\"><img class=\"\" src=\"data:image\/svg+xml,%3Csvg%20xmlns%3D&#39;http%3A%2F%2Fwww.w3.org%2F2000%2Fsvg&#39;%20width=&#39;450&#39;%20height=&#39;450&#39;%20viewBox%3D&#39;0%200%20450%20450&#39;%2F%3E\" data-czlz data-src=\"http:\/\/kres.aycov.org.tr\/yeni\/wp-content\/uploads\/2019\/02\/o1-450x450.jpg\" width=\"450\" height=\"450\" alt=\"o1\" title=\"o1\" \/><div class=\"cz_grid_details\"><i class=\"fa fa-search cz_grid_icon\"><\/i><\/div><\/a><div class=\"cz_grid_details cz_grid_details_outside\"><a class=\"cz_grid_title\" href=\"http:\/\/kres.aycov.org.tr\/yeni\/meslek-oyunlari-parki-gezimiz\/\"><h3>Meslek Oyunlar\u0131 Park\u0131 Gezimiz<\/h3><\/a><\/div><\/div><\/div><div data-id=\"1627\" class=\"cz_grid_item  cz_posts_list_odd post-1627 post type-post status-publish format-gallery has-post-thumbnail hentry category-gezilerimiz post_format-post-format-gallery\"><div class=\"clr\"><a class=\"cz_grid_link\" href=\"http:\/\/kres.aycov.org.tr\/yeni\/mutevellimiz-guldal-sigincin-duzenledigi-yeniyil-partisi\/\" title=\"M\u00fctevellimiz G\u00fcldal Si\u011fin\u00e7&#8217;in D\u00fczenledi\u011fi Yeniy\u0131l Partisi\"><img class=\"\" src=\"data:image\/svg+xml,%3Csvg%20xmlns%3D&#39;http%3A%2F%2Fwww.w3.org%2F2000%2Fsvg&#39;%20width=&#39;450&#39;%20height=&#39;450&#39;%20viewBox%3D&#39;0%200%20450%20450&#39;%2F%3E\" data-czlz data-src=\"http:\/\/kres.aycov.org.tr\/yeni\/wp-content\/uploads\/2019\/02\/m8-450x450.jpg\" width=\"450\" height=\"450\" alt=\"m8\" title=\"m8\" \/><div class=\"cz_grid_details\"><i class=\"fa fa-search cz_grid_icon\"><\/i><\/div><\/a><div class=\"cz_grid_details cz_grid_details_outside\"><a class=\"cz_grid_title\" href=\"http:\/\/kres.aycov.org.tr\/yeni\/mutevellimiz-guldal-sigincin-duzenledigi-yeniyil-partisi\/\"><h3>M\u00fctevellimiz G\u00fcldal Si\u011fin\u00e7&#8217;in D\u00fczenledi\u011fi Yeniy\u0131l Partisi<\/h3><\/a><\/div><\/div><\/div><div data-id=\"1620\" class=\"cz_grid_item  cz_posts_list_even post-1620 post type-post status-publish format-gallery has-post-thumbnail hentry category-gezilerimiz post_format-post-format-gallery\"><div class=\"clr\"><a class=\"cz_grid_link\" href=\"http:\/\/kres.aycov.org.tr\/yeni\/kepez-belediye-bask-sn-hakan-tutuncuye-makaminda-ziyaret\/\" title=\"Kepez Belediye Ba\u015fk Sn Hakan T\u00fct\u00fcnc\u00fc&#8217;ye Makam\u0131nda ziyaret\"><img class=\"\" src=\"data:image\/svg+xml,%3Csvg%20xmlns%3D&#39;http%3A%2F%2Fwww.w3.org%2F2000%2Fsvg&#39;%20width=&#39;450&#39;%20height=&#39;450&#39;%20viewBox%3D&#39;0%200%20450%20450&#39;%2F%3E\" data-czlz data-src=\"http:\/\/kres.aycov.org.tr\/yeni\/wp-content\/uploads\/2019\/02\/k2-450x450.jpg\" width=\"450\" height=\"450\" alt=\"k2\" title=\"k2\" \/><div class=\"cz_grid_details\"><i class=\"fa fa-search cz_grid_icon\"><\/i><\/div><\/a><div class=\"cz_grid_details cz_grid_details_outside\"><a class=\"cz_grid_title\" href=\"http:\/\/kres.aycov.org.tr\/yeni\/kepez-belediye-bask-sn-hakan-tutuncuye-makaminda-ziyaret\/\"><h3>Kepez Belediye Ba\u015fk Sn Hakan T\u00fct\u00fcnc\u00fc&#8217;ye Makam\u0131nda ziyaret<\/h3><\/a><\/div><\/div><\/div><div data-id=\"1607\" class=\"cz_grid_item  cz_posts_list_odd post-1607 post type-post status-publish format-gallery has-post-thumbnail hentry category-gezilerimiz post_format-post-format-gallery\"><div class=\"clr\"><a class=\"cz_grid_link\" href=\"http:\/\/kres.aycov.org.tr\/yeni\/dogan-hizlan-kutuphane-gezisi\/\" title=\"Do\u011fan H\u0131zlan K\u00fct\u00fcphane Gezisi\"><img class=\"\" src=\"data:image\/svg+xml,%3Csvg%20xmlns%3D&#39;http%3A%2F%2Fwww.w3.org%2F2000%2Fsvg&#39;%20width=&#39;450&#39;%20height=&#39;450&#39;%20viewBox%3D&#39;0%200%20450%20450&#39;%2F%3E\" data-czlz data-src=\"http:\/\/kres.aycov.org.tr\/yeni\/wp-content\/uploads\/2019\/02\/d5-450x450.jpg\" width=\"450\" height=\"450\" alt=\"d5\" title=\"d5\" \/><div class=\"cz_grid_details\"><i class=\"fa fa-search cz_grid_icon\"><\/i><\/div><\/a><div class=\"cz_grid_details cz_grid_details_outside\"><a class=\"cz_grid_title\" href=\"http:\/\/kres.aycov.org.tr\/yeni\/dogan-hizlan-kutuphane-gezisi\/\"><h3>Do\u011fan H\u0131zlan K\u00fct\u00fcphane Gezisi<\/h3><\/a><\/div><\/div><\/div><div data-id=\"1600\" class=\"cz_grid_item  cz_posts_list_even post-1600 post type-post status-publish format-gallery has-post-thumbnail hentry category-gezilerimiz post_format-post-format-gallery\"><div class=\"clr\"><a class=\"cz_grid_link\" href=\"http:\/\/kres.aycov.org.tr\/yeni\/saglikli-besleniyorum-tiyatro\/\" title=\"Sa\u011fl\u0131kl\u0131 Besleniyorum &#8211; Tiyatro\"><img class=\"\" src=\"data:image\/svg+xml,%3Csvg%20xmlns%3D&#39;http%3A%2F%2Fwww.w3.org%2F2000%2Fsvg&#39;%20width=&#39;450&#39;%20height=&#39;450&#39;%20viewBox%3D&#39;0%200%20450%20450&#39;%2F%3E\" data-czlz data-src=\"http:\/\/kres.aycov.org.tr\/yeni\/wp-content\/uploads\/2019\/02\/b1-450x450.jpg\" width=\"450\" height=\"450\" alt=\"b1\" title=\"b1\" \/><div class=\"cz_grid_details\"><i class=\"fa fa-search cz_grid_icon\"><\/i><\/div><\/a><div class=\"cz_grid_details cz_grid_details_outside\"><a class=\"cz_grid_title\" href=\"http:\/\/kres.aycov.org.tr\/yeni\/saglikli-besleniyorum-tiyatro\/\"><h3>Sa\u011fl\u0131kl\u0131 Besleniyorum &#8211; Tiyatro<\/h3><\/a><\/div><\/div><\/div><div data-id=\"1588\" class=\"cz_grid_item  cz_posts_list_odd post-1588 post type-post status-publish format-gallery has-post-thumbnail hentry category-gezilerimiz post_format-post-format-gallery\"><div class=\"clr\"><a class=\"cz_grid_link\" href=\"http:\/\/kres.aycov.org.tr\/yeni\/zip-zip-park-gezisi\/\" title=\"Z\u0131p Z\u0131p Park Gezisi\"><img class=\"\" src=\"data:image\/svg+xml,%3Csvg%20xmlns%3D&#39;http%3A%2F%2Fwww.w3.org%2F2000%2Fsvg&#39;%20width=&#39;450&#39;%20height=&#39;450&#39;%20viewBox%3D&#39;0%200%20450%20450&#39;%2F%3E\" data-czlz data-src=\"http:\/\/kres.aycov.org.tr\/yeni\/wp-content\/uploads\/2019\/02\/z7-450x450.jpg\" width=\"450\" height=\"450\" alt=\"z7\" title=\"z7\" \/><div class=\"cz_grid_details\"><i class=\"fa fa-search cz_grid_icon\"><\/i><\/div><\/a><div class=\"cz_grid_details cz_grid_details_outside\"><a class=\"cz_grid_title\" href=\"http:\/\/kres.aycov.org.tr\/yeni\/zip-zip-park-gezisi\/\"><h3>Z\u0131p Z\u0131p Park Gezisi<\/h3><\/a><\/div><\/div><\/div><div data-id=\"1579\" class=\"cz_grid_item  cz_posts_list_even post-1579 post type-post status-publish format-gallery has-post-thumbnail hentry category-gezilerimiz post_format-post-format-gallery\"><div class=\"clr\"><a class=\"cz_grid_link\" href=\"http:\/\/kres.aycov.org.tr\/yeni\/the-marmara-otelde-23-nisan-cocuk-bayrami-kutlamasi\/\" title=\"The Marmara Otel&#8217;de 23 Nisan \u00c7ocuk Bayram\u0131 Kutlamas\u0131\"><img class=\"\" src=\"data:image\/svg+xml,%3Csvg%20xmlns%3D&#39;http%3A%2F%2Fwww.w3.org%2F2000%2Fsvg&#39;%20width=&#39;450&#39;%20height=&#39;450&#39;%20viewBox%3D&#39;0%200%20450%20450&#39;%2F%3E\" data-czlz data-src=\"http:\/\/kres.aycov.org.tr\/yeni\/wp-content\/uploads\/2019\/02\/t6-450x450.jpg\" width=\"450\" height=\"450\" alt=\"t6\" title=\"t6\" \/><div class=\"cz_grid_details\"><i class=\"fa fa-search cz_grid_icon\"><\/i><\/div><\/a><div class=\"cz_grid_details cz_grid_details_outside\"><a class=\"cz_grid_title\" href=\"http:\/\/kres.aycov.org.tr\/yeni\/the-marmara-otelde-23-nisan-cocuk-bayrami-kutlamasi\/\"><h3>The Marmara Otel&#8217;de 23 Nisan \u00c7ocuk Bayram\u0131 Kutlamas\u0131<\/h3><\/a><\/div><\/div><\/div><div data-id=\"1572\" class=\"cz_grid_item  cz_posts_list_odd post-1572 post type-post status-publish format-gallery has-post-thumbnail hentry category-gezilerimiz post_format-post-format-gallery\"><div class=\"clr\"><a class=\"cz_grid_link\" href=\"http:\/\/kres.aycov.org.tr\/yeni\/soytarilar-okulu-adli-tiyatro-gezisi\/\" title=\"Soytar\u0131lar Okulu Adl\u0131 Tiyatro Gezisi\"><img class=\"\" src=\"data:image\/svg+xml,%3Csvg%20xmlns%3D&#39;http%3A%2F%2Fwww.w3.org%2F2000%2Fsvg&#39;%20width=&#39;450&#39;%20height=&#39;450&#39;%20viewBox%3D&#39;0%200%20450%20450&#39;%2F%3E\" data-czlz data-src=\"http:\/\/kres.aycov.org.tr\/yeni\/wp-content\/uploads\/2019\/02\/s2-1-450x450.jpg\" width=\"450\" height=\"450\" alt=\"s2\" title=\"s2\" \/><div class=\"cz_grid_details\"><i class=\"fa fa-search cz_grid_icon\"><\/i><\/div><\/a><div class=\"cz_grid_details cz_grid_details_outside\"><a class=\"cz_grid_title\" href=\"http:\/\/kres.aycov.org.tr\/yeni\/soytarilar-okulu-adli-tiyatro-gezisi\/\"><h3>Soytar\u0131lar Okulu Adl\u0131 Tiyatro Gezisi<\/h3><\/a><\/div><\/div><\/div><div data-id=\"1565\" class=\"cz_grid_item  cz_posts_list_even post-1565 post type-post status-publish format-gallery has-post-thumbnail hentry category-gezilerimiz post_format-post-format-gallery\"><div class=\"clr\"><a class=\"cz_grid_link\" href=\"http:\/\/kres.aycov.org.tr\/yeni\/sinbad-adli-tiyatro-gezisi\/\" title=\"Sinbad Adl\u0131 Tiyatro Gezisi\"><img class=\"\" src=\"data:image\/svg+xml,%3Csvg%20xmlns%3D&#39;http%3A%2F%2Fwww.w3.org%2F2000%2Fsvg&#39;%20width=&#39;450&#39;%20height=&#39;450&#39;%20viewBox%3D&#39;0%200%20450%20450&#39;%2F%3E\" data-czlz data-src=\"http:\/\/kres.aycov.org.tr\/yeni\/wp-content\/uploads\/2019\/02\/g2-450x450.jpg\" width=\"450\" height=\"450\" alt=\"g2\" title=\"g2\" \/><div class=\"cz_grid_details\"><i class=\"fa fa-search cz_grid_icon\"><\/i><\/div><\/a><div class=\"cz_grid_details cz_grid_details_outside\"><a class=\"cz_grid_title\" href=\"http:\/\/kres.aycov.org.tr\/yeni\/sinbad-adli-tiyatro-gezisi\/\"><h3>Sinbad Adl\u0131 Tiyatro Gezisi<\/h3><\/a><\/div><\/div><\/div><\/div><\/div>[\/vc_column][\/vc_row]<\/p>\n","protected":false},"excerpt":{"rendered":"<p>[vc_row full_width=&#8221;stretch_row&#8221;][vc_column][\/vc_column][\/vc_row] &#8230; <a class=\"cz_readmore\" href=\"http:\/\/kres.aycov.org.tr\/yeni\/sinbad-adli-tiyatro-gezisi\/\"><i class=\"fa fa-arrow-right\"><\/i><span>Devam\u0131n\u0131 Oku<\/span><\/a><\/p>\n","protected":false},"author":1,"featured_media":0,"parent":0,"menu_order":0,"comment_status":"closed","ping_status":"closed","template":"","meta":[],"_links":{"self":[{"href":"http:\/\/kres.aycov.org.tr\/yeni\/wp-json\/wp\/v2\/pages\/1283"}],"collection":[{"href":"http:\/\/kres.aycov.org.tr\/yeni\/wp-json\/wp\/v2\/pages"}],"about":[{"href":"http:\/\/kres.aycov.org.tr\/yeni\/wp-json\/wp\/v2\/types\/page"}],"author":[{"embeddable":true,"href":"http:\/\/kres.aycov.org.tr\/yeni\/wp-json\/wp\/v2\/users\/1"}],"replies":[{"embeddable":true,"href":"http:\/\/kres.aycov.org.tr\/yeni\/wp-json\/wp\/v2\/comments?post=1283"}],"version-history":[{"count":8,"href":"http:\/\/kres.aycov.org.tr\/yeni\/wp-json\/wp\/v2\/pages\/1283\/revisions"}],"predecessor-version":[{"id":1644,"href":"http:\/\/kres.aycov.org.tr\/yeni\/wp-json\/wp\/v2\/pages\/1283\/revisions\/1644"}],"wp:attachment":[{"href":"http:\/\/kres.aycov.org.tr\/yeni\/wp-json\/wp\/v2\/media?parent=1283"}],"curies":[{"name":"wp","href":"https:\/\/api.w.org\/{rel}","templated":true}]}}