{"id":17,"date":"2018-05-29T11:14:04","date_gmt":"2018-05-29T11:14:04","guid":{"rendered":"http:\/\/xtratheme.com\/default\/?page_id=17"},"modified":"2019-02-13T08:24:58","modified_gmt":"2019-02-13T05:24:58","slug":"iletisim","status":"publish","type":"page","link":"http:\/\/kres.aycov.org.tr\/yeni\/iletisim\/","title":{"rendered":"Bize Ula\u015f\u0131n"},"content":{"rendered":"<p>[vc_row][vc_column]<div id=\"cz_72727\" class=\"cz_72727 cz_image clr cz_image_no_fx center_on_mobile\"><div class=\"\" ><div class=\"cz_image_in\"><div class=\"cz_main_image\"><img width=\"1200\" height=\"600\" src=\"data:image\/svg+xml,%3Csvg%20xmlns%3D&#39;http%3A%2F%2Fwww.w3.org%2F2000%2Fsvg&#39;%20width=&#39;1200&#39;%20height=&#39;600&#39;%20viewBox%3D&#39;0%200%201200%20600&#39;%2F%3E\" data-czlz data-src=\"http:\/\/kres.aycov.org.tr\/yeni\/wp-content\/uploads\/2018\/08\/cnt.jpg\" class=\"attachment-full\" alt=\"\" data-srcset=\"http:\/\/kres.aycov.org.tr\/yeni\/wp-content\/uploads\/2018\/08\/cnt.jpg 1200w, http:\/\/kres.aycov.org.tr\/yeni\/wp-content\/uploads\/2018\/08\/cnt-300x150.jpg 300w, http:\/\/kres.aycov.org.tr\/yeni\/wp-content\/uploads\/2018\/08\/cnt-768x384.jpg 768w, http:\/\/kres.aycov.org.tr\/yeni\/wp-content\/uploads\/2018\/08\/cnt-1024x512.jpg 1024w, http:\/\/kres.aycov.org.tr\/yeni\/wp-content\/uploads\/2018\/08\/cnt-600x300.jpg 600w\" data-sizes=\"(max-width: 1200px) 100vw, 1200px\" \/><\/div><\/div><\/div><\/div>[\/vc_column][\/vc_row][vc_row][vc_column offset=&#8221;vc_col-md-8&#8243;]<div class=\"cz_eqh cz_content_box_parent_fx  \"><div id=\"cz_79114\" class=\"cz_79114 cz_content_box clr\"><div class=\"cz_box_front clr\"><div class=\"cz_box_front_inner clr \"><span><\/span><div><div class=\"cz_gap clr \" style=\"height: 50px\"><\/div><div id=\"cz_53091\" class=\"cz_53091 cz_title clr cz_smart_fs cz_title_pos_inline tac\"><div class=\"cz_title_content\"><span class=\"cz_line_side_solo\">_<\/span><div class=\"cz_wpe_content\"><h3 style=\"text-align: center;\"><span style=\"font-size: 50px;\">\u0130leti\u015fim<\/span><\/h3>\n<\/div><span class=\"cz_line_side_solo cz_line_side_after\">_<\/span><\/div><\/div><div id=\"cz_79696\" class=\"cz_79696 cz_title clr cz_title_pos_inline\"><div class=\"cz_title_content\"><div class=\"cz_wpe_content\"><p><strong>Ba\u011f\u0131\u015flar \u0130\u00e7in IBAN Numaram\u0131z<\/strong><br \/>\n<strong>Denizbank 100. Y\u0131l \u015eubesi TR39 0013 4000 0058 6299 9000 01<\/strong><\/p>\n<p>&nbsp;<\/p>\n<p><strong>Adres:<\/strong> Meltem Mah. 3808 Sok No: 2 Muratpa\u015fa\/Antalya<br \/>\n<strong>Tel:<\/strong> 0 (242) 237 3351 &#8211;<br \/>\n<strong>Fax:<\/strong> 0 (242) 237 4550<br \/>\n<strong>E-Posta:<\/strong>\u00a0 info@aycov.org.tr<\/p>\n<\/div><\/div><\/div><div class=\"cz_gap clr  hide_on_tablet hide_on_mobile\" style=\"height: 60px\"><\/div><div class=\"cz_gap show_on_tablet clr \" style=\"height: 0px\"><\/div><div id=\"cz_18863\" class=\"cz_18863 cz_cf7 clr\"><div>\n<div class=\"wpcf7 no-js\" id=\"wpcf7-f5-o1\" lang=\"tr-TR\" dir=\"ltr\">\n<div class=\"screen-reader-response\"><p role=\"status\" aria-live=\"polite\" aria-atomic=\"true\"><\/p> <ul><\/ul><\/div>\n<form action=\"\/yeni\/wp-json\/wp\/v2\/pages\/17#wpcf7-f5-o1\" method=\"post\" class=\"wpcf7-form init\" aria-label=\"Contact form\" novalidate=\"novalidate\" data-status=\"init\">\n<div style=\"display: none;\">\n<input type=\"hidden\" name=\"_wpcf7\" value=\"5\" \/>\n<input type=\"hidden\" name=\"_wpcf7_version\" value=\"5.7.7\" \/>\n<input type=\"hidden\" name=\"_wpcf7_locale\" value=\"tr_TR\" \/>\n<input type=\"hidden\" name=\"_wpcf7_unit_tag\" value=\"wpcf7-f5-o1\" \/>\n<input type=\"hidden\" name=\"_wpcf7_container_post\" value=\"0\" \/>\n<input type=\"hidden\" name=\"_wpcf7_posted_data_hash\" value=\"\" \/>\n<\/div>\n<p><label> Your Name (required)<br \/>\n<span class=\"wpcf7-form-control-wrap\" data-name=\"your-name\"><input size=\"40\" class=\"wpcf7-form-control wpcf7-text wpcf7-validates-as-required\" aria-required=\"true\" aria-invalid=\"false\" value=\"\" type=\"text\" name=\"your-name\" \/><\/span> <\/label>\n<\/p>\n<p><label> Your Email (required)<br \/>\n<span class=\"wpcf7-form-control-wrap\" data-name=\"your-email\"><input size=\"40\" class=\"wpcf7-form-control wpcf7-text wpcf7-email wpcf7-validates-as-required wpcf7-validates-as-email\" aria-required=\"true\" aria-invalid=\"false\" value=\"\" type=\"email\" name=\"your-email\" \/><\/span> <\/label>\n<\/p>\n<p><label> Subject<br \/>\n<span class=\"wpcf7-form-control-wrap\" data-name=\"your-subject\"><input size=\"40\" class=\"wpcf7-form-control wpcf7-text\" aria-invalid=\"false\" value=\"\" type=\"text\" name=\"your-subject\" \/><\/span> <\/label>\n<\/p>\n<p><label> Your Message<br \/>\n<span class=\"wpcf7-form-control-wrap\" data-name=\"your-message\"><textarea cols=\"40\" rows=\"10\" class=\"wpcf7-form-control wpcf7-textarea\" aria-invalid=\"false\" name=\"your-message\"><\/textarea><\/span> <\/label>\n<\/p>\n<p><input class=\"wpcf7-form-control has-spinner wpcf7-submit\" type=\"submit\" value=\"Send\" \/>\n<\/p><div class=\"wpcf7-response-output\" aria-hidden=\"true\"><\/div>\n<\/form>\n<\/div>\n<\/div><\/div><\/div><\/div><\/div><\/div><\/div>[\/vc_column][vc_column css=&#8221;.vc_custom_1533379236363{padding-right: 40px !important;}&#8221; offset=&#8221;vc_col-md-4&#8243;]<div class=\"cz_gap clr \" style=\"height: 50px\"><\/div>[vc_gmaps link=&#8221;#E-8_JTNDaWZyYW1lJTIwc3JjJTNEJTIyaHR0cHMlM0ElMkYlMkZ3d3cuZ29vZ2xlLmNvbSUyRm1hcHMlMkZlbWJlZCUzRnBiJTNEJTIxMW0xNCUyMTFtOCUyMTFtMyUyMTFkMjU1MjcuNzYwNjQ5MDM0ODYlMjEyZDMwLjY2ODEyNCUyMTNkMzYuODkxMDY0JTIxM20yJTIxMWkxMDI0JTIxMmk3NjglMjE0ZjEzLjElMjEzbTMlMjExbTIlMjExczB4MCUyNTNBMHg4YjllYzBkNzBkZDgxODc2JTIxMnNBbnRhbHlhJTJCWWV0aW0lMkJ2ZSUyQk11aHRhYyUyQkNvY3VrbGFyYSUyQllhcmRpbSUyQlZha2ZpJTIxNWUwJTIxM20yJTIxMXN0ciUyMTJzdHIlMjE0djE1NDk1MDE1MTYyNTMlMjIlMjB3aWR0aCUzRCUyMjEwMCUyNSUyMiUyMGhlaWdodCUzRCUyMjYwMCUyMiUyMGZyYW1lYm9yZGVyJTNEJTIyMCUyMiUyMHN0eWxlJTNEJTIyYm9yZGVyJTNBMCUyMiUyMGFsbG93ZnVsbHNjcmVlbiUzRSUzQyUyRmlmcmFtZSUzRQ==&#8221;][\/vc_column][\/vc_row]<\/p>\n","protected":false},"excerpt":{"rendered":"<p>[vc_row][vc_column][\/vc_column][\/vc_row][vc_row][vc_column offset=&#8221;vc_col-md-8&#8243;][\/vc_column][vc_column css=&#8221;.vc_custom_1533379236363{padding-right: 40px !important;}&#8221; offset=&#8221;vc_col-md-4&#8243;][vc_gmaps link=&#8221;#E-8_JTNDaWZyYW1lJTIwc3JjJTNEJTIyaHR0cHMlM0ElMkYlMkZ3d3cuZ29vZ2xlLmNvbSUyRm1hcHMlMkZlbWJlZCUzRnBiJTNEJTIxMW0xNCUyMTFtOCUyMTFtMyUyMTFkMjU1MjcuNzYwNjQ5MDM0ODYlMjEyZDMwLjY2ODEyNCUyMTNkMzYuODkxMDY0JTIxM20yJTIxMWkxMDI0JTIxMmk3NjglMjE0ZjEzLjElMjEzbTMlMjExbTIlMjExczB4MCUyNTNBMHg4YjllYzBkNzBkZDgxODc2JTIxMnNBbnRhbHlhJTJCWWV0aW0lMkJ2ZSUyQk11aHRhYyUyQkNvY3VrbGFyYSUyQllhcmRpbSUyQlZha2ZpJTIxNWUwJTIxM20yJTIxMXN0ciUyMTJzdHIlMjE0djE1NDk1MDE1MTYyNTMlMjIlMjB3aWR0aCUzRCUyMjEwMCUyNSUyMiUyMGhlaWdodCUzRCUyMjYwMCUyMiUyMGZyYW1lYm9yZGVyJTNEJTIyMCUyMiUyMHN0eWxlJTNEJTIyYm9yZGVyJTNBMCUyMiUyMGFsbG93ZnVsbHNjcmVlbiUzRSUzQyUyRmlmcmFtZSUzRQ==&#8221;][\/vc_column][\/vc_row] &#8230; <\/p>\n","protected":false},"author":1,"featured_media":0,"parent":0,"menu_order":0,"comment_status":"closed","ping_status":"closed","template":"","meta":[],"_links":{"self":[{"href":"http:\/\/kres.aycov.org.tr\/yeni\/wp-json\/wp\/v2\/pages\/17"}],"collection":[{"href":"http:\/\/kres.aycov.org.tr\/yeni\/wp-json\/wp\/v2\/pages"}],"about":[{"href":"http:\/\/kres.aycov.org.tr\/yeni\/wp-json\/wp\/v2\/types\/page"}],"author":[{"embeddable":true,"href":"http:\/\/kres.aycov.org.tr\/yeni\/wp-json\/wp\/v2\/users\/1"}],"replies":[{"embeddable":true,"href":"http:\/\/kres.aycov.org.tr\/yeni\/wp-json\/wp\/v2\/comments?post=17"}],"version-history":[{"count":6,"href":"http:\/\/kres.aycov.org.tr\/yeni\/wp-json\/wp\/v2\/pages\/17\/revisions"}],"predecessor-version":[{"id":1499,"href":"http:\/\/kres.aycov.org.tr\/yeni\/wp-json\/wp\/v2\/pages\/17\/revisions\/1499"}],"wp:attachment":[{"href":"http:\/\/kres.aycov.org.tr\/yeni\/wp-json\/wp\/v2\/media?parent=17"}],"curies":[{"name":"wp","href":"https:\/\/api.w.org\/{rel}","templated":true}]}}