{"id":880,"date":"2018-05-29T11:10:26","date_gmt":"2018-05-29T11:10:26","guid":{"rendered":"http:\/\/xtratheme.com\/default\/?page_id=4"},"modified":"2021-04-10T00:48:16","modified_gmt":"2021-04-09T21:48:16","slug":"home","status":"publish","type":"page","link":"http:\/\/kres.aycov.org.tr\/yeni\/","title":{"rendered":"Anasayfa"},"content":{"rendered":"<p>[vc_row full_width=&#8221;stretch_row_content_no_spaces&#8221;][vc_column]<div id=\"cz_97353\" class=\"cz_sep_23 \"  style=\"position: absolute;width:100%;top: -140px;\"><div class=\"cz_sep cz_sep_23_inner \"><svg preserveAspectRatio=\"none\" xmlns=\"http:\/\/www.w3.org\/2000\/svg\" version=\"1.1\"  width=\"100%\" height=\"150px\" viewBox=\"0 0 100 100\" preserveAspectRatio=\"none\" ><path d=\"M-5 100 Q 0 20 5 100 Z M0 100 Q 5 0 10 100 M5 100 Q 10 30 15 100 M10 100 Q 15 10 20 100 M15 100 Q 20 30 25 100 M20 100 Q 25 -10 30 100 M25 100 Q 30 10 35 100 M30 100 Q 35 30 40 100 M35 100 Q 40 10 45 100 M40 100 Q 45 50 50 100 M45 100 Q 50 20 55 100 M50 100 Q 55 40 60 100 M55 100 Q 60 60 65 100 M60 100 Q 65 50 70 100 M65 100 Q 70 20 75 100 M70 100 Q 75 45 80 100 M75 100 Q 80 30 85 100 M80 100 Q 85 20 90 100 M85 100 Q 90 50 95 100 M90 100 Q 95 25 100 100 M95 100 Q 100 15 105 100 Z\"  style=\"fill: #ffffff;stroke:#ffffff;\"\/><\/svg><\/div><\/div><div class=\"cz_gap clr  hide_on_tablet hide_on_mobile\" style=\"height: 120px\"><\/div><div class=\"cz_gap show_on_tablet clr \" style=\"height: 100px\"><\/div>[\/vc_column][\/vc_row][vc_row][vc_column offset=&#8221;vc_col-md-6&#8243;]<div id=\"cz_35392\" class=\"cz_35392 cz_image clr cz_image_no_fx\"><div class=\"cz_svg_bg\" ><div class=\"cz_image_in\" data-tilt><div class=\"cz_main_image\"><img width=\"780\" height=\"780\" src=\"data:image\/svg+xml,%3Csvg%20xmlns%3D&#39;http%3A%2F%2Fwww.w3.org%2F2000%2Fsvg&#39;%20width=&#39;780&#39;%20height=&#39;780&#39;%20viewBox%3D&#39;0%200%20780%20780&#39;%2F%3E\" data-czlz data-src=\"http:\/\/kres.aycov.org.tr\/yeni\/wp-content\/uploads\/2018\/07\/p10.jpg\" class=\"attachment-full\" alt=\"\" data-srcset=\"http:\/\/kres.aycov.org.tr\/yeni\/wp-content\/uploads\/2018\/07\/p10.jpg 780w, http:\/\/kres.aycov.org.tr\/yeni\/wp-content\/uploads\/2018\/07\/p10-150x150.jpg 150w, http:\/\/kres.aycov.org.tr\/yeni\/wp-content\/uploads\/2018\/07\/p10-300x300.jpg 300w, http:\/\/kres.aycov.org.tr\/yeni\/wp-content\/uploads\/2018\/07\/p10-768x768.jpg 768w, http:\/\/kres.aycov.org.tr\/yeni\/wp-content\/uploads\/2018\/07\/p10-600x600.jpg 600w\" data-sizes=\"(max-width: 780px) 100vw, 780px\" \/><\/div><\/div><\/div><\/div>[\/vc_column][vc_column offset=&#8221;vc_col-md-6&#8243;]<div class=\"cz_gap clr  hide_on_tablet hide_on_mobile\" style=\"height: 0px\"><\/div><div class=\"cz_gap show_on_tablet clr \" style=\"height: 50px\"><\/div><div id=\"cz_108423\" class=\"cz_108423 cz_title clr cz_smart_fs cz_title_pos_inline\"><div class=\"cz_title_shape shape_text cz_shape_1\">Kre\u015fimiz<\/div><div class=\"cz_title_content\"><span class=\"cz_line_side_solo\">_<\/span><div class=\"cz_wpe_content\"><h3><span style=\"font-size: 50px; font-family: 'Comic Sans MS';\">Kre\u015fimiz<\/span><\/h3>\n<p>0-6 ya\u015f gurubu \u00e7ocuklar\u0131na hizmet veren kre\u015fimiz sosyal hizmetler kurumuna ba\u011fl\u0131d\u0131r. Psikolo\u011fumuz e\u015fli\u011finde de\u011ferlendirdi\u011fimiz \u00f6\u011frencilerimizi aile kat\u0131l\u0131mlar\u0131 ile birlikte bir ad\u0131m \u00f6teye ta\u015f\u0131mak amac\u0131m\u0131zd\u0131r.<\/p>\n<\/div><\/div><\/div><div class=\"cz_gap clr \" style=\"height: 40px\"><\/div><div id=\"cz_105631\" class=\"cz_105631 cz_title clr cz_title_pos_inline\"><div class=\"cz_title_content\"><div class=\"cz_wpe_content\"><p><span style=\"font-size: 18px; color: #666666;\">Psikolo\u011fumuz taraf\u0131ndan g\u00f6zlemlenecek \u00e7ocuklar\u0131m\u0131z\u0131n oyun davran\u0131\u015flar\u0131, olas\u0131 problem davran\u0131\u015flar\u0131, resim \u00e7al\u0131\u015fmalar\u0131 ve faaliyetleri de\u011ferlendirilecek ve \u00e7ocuklar\u0131m\u0131z\u0131n her t\u00fcrl\u00fc geli\u015fimini desteklemek \u00fczere aile i\u015fbirli\u011fi te\u015fvik edilecektir.<\/span><\/p>\n<\/div><\/div><\/div><div class=\"cz_gap clr \" style=\"height: 40px\"><\/div><div class=\"cz_btn_inline\"><div class=\"cz_23024_p\"><a id=\"cz_23024\" class=\"cz_23024 cz_btn cz_btn_txt_no_fx cz_btn_zoom_in\" href=\"http:\/\/kres.aycov.org.tr\/yeni\/iletisim\/\" target=\"_blank\"><span><i class=\"fa czico-123-call\"><\/i><strong>Bize Ula\u015f\u0131n<\/strong><\/span><b class=\"cz_btn_onhover\"><i class=\"fa czico-123-call\"><\/i><strong>Bize Ula\u015f\u0131n<\/strong><\/b><\/a><\/div><\/div>[\/vc_column][\/vc_row][vc_row][vc_column]<div class=\"cz_gap clr  hide_on_tablet hide_on_mobile\" style=\"height: 120px\"><\/div><div class=\"cz_gap show_on_tablet clr \" style=\"height: 100px\"><\/div>[\/vc_column][\/vc_row][vc_row full_width=&#8221;stretch_row&#8221; css=&#8221;.vc_custom_1533025806010{background: #fff9af url(http:\/\/aycov.org.tr\/kres\/wp-content\/uploads\/2018\/07\/pat.png?id=1226) !important;background-position: 0 0 !important;background-repeat: repeat !important;}&#8221;][vc_column]<div id=\"cz_73084\" class=\"cz_sep_24 \" ><div class=\"cz_sep cz_sep_24_inner \"><svg preserveAspectRatio=\"none\" xmlns=\"http:\/\/www.w3.org\/2000\/svg\" version=\"1.1\"  width=\"100%\" height=\"150px\" viewBox=\"0 0 100 100\" preserveAspectRatio=\"none\" ><path d=\"M-5 100 Q 0 20 5 100 Z M0 100 Q 5 0 10 100 M5 100 Q 10 30 15 100 M10 100 Q 15 10 20 100 M15 100 Q 20 30 25 100 M20 100 Q 25 -10 30 100 M25 100 Q 30 10 35 100 M30 100 Q 35 30 40 100 M35 100 Q 40 10 45 100 M40 100 Q 45 50 50 100 M45 100 Q 50 20 55 100 M50 100 Q 55 40 60 100 M55 100 Q 60 60 65 100 M60 100 Q 65 50 70 100 M65 100 Q 70 20 75 100 M70 100 Q 75 45 80 100 M75 100 Q 80 30 85 100 M80 100 Q 85 20 90 100 M85 100 Q 90 50 95 100 M90 100 Q 95 25 100 100 M95 100 Q 100 15 105 100 Z\"  style=\"fill: #ffffff;stroke:#ffffff;\"\/><\/svg><\/div><\/div><div class=\"cz_gap clr \" style=\"height: 30px\"><\/div><div id=\"cz_87466\" class=\"cz_87466 cz_title clr cz_smart_fs cz_title_pos_inline tac\"><div class=\"cz_title_content\"><span class=\"cz_line_side_solo\">_<\/span><div class=\"cz_wpe_content\"><h3 style=\"text-align: center;\"><span style=\"font-size: 50px; font-family: 'Comic Sans MS';\">Kre\u015fimiz\u00a0<span style=\"color: #ff6767;\">Sizi<\/span>\u00a0Bekliyor<\/span><\/h3>\n<p style=\"text-align: center;\">Birbirinden g\u00fczel ve e\u011fitici aktiviteleri sizler i\u00e7in haz\u0131rlad\u0131k.<\/p>\n<\/div><span class=\"cz_line_side_solo cz_line_side_after\">_<\/span><\/div><\/div><div class=\"cz_gap clr \" style=\"height: 60px\"><\/div>[vc_row_inner][vc_column_inner width=&#8221;1\/3&#8243;]<div id=\"cz_50490\" class=\"cz_50490 cz_image clr cz_image_no_fx center_on_mobile wpb_animate_when_almost_visible bounceIn\"><div class=\"\" ><div class=\"cz_image_in\"><div class=\"cz_main_image\"><img width=\"1024\" height=\"768\" src=\"data:image\/svg+xml,%3Csvg%20xmlns%3D&#39;http%3A%2F%2Fwww.w3.org%2F2000%2Fsvg&#39;%20width=&#39;1024&#39;%20height=&#39;768&#39;%20viewBox%3D&#39;0%200%201024%20768&#39;%2F%3E\" data-czlz data-src=\"http:\/\/kres.aycov.org.tr\/yeni\/wp-content\/uploads\/2019\/02\/a5.jpg\" class=\"attachment-full\" alt=\"\" data-srcset=\"http:\/\/kres.aycov.org.tr\/yeni\/wp-content\/uploads\/2019\/02\/a5.jpg 1024w, http:\/\/kres.aycov.org.tr\/yeni\/wp-content\/uploads\/2019\/02\/a5-300x225.jpg 300w, http:\/\/kres.aycov.org.tr\/yeni\/wp-content\/uploads\/2019\/02\/a5-768x576.jpg 768w, http:\/\/kres.aycov.org.tr\/yeni\/wp-content\/uploads\/2019\/02\/a5-600x450.jpg 600w\" data-sizes=\"(max-width: 1024px) 100vw, 1024px\" \/><\/div><\/div><\/div><\/div><div class=\"cz_gap clr \" style=\"height: 50px\"><\/div>[\/vc_column_inner][vc_column_inner width=&#8221;1\/3&#8243;]<div id=\"cz_16430\" class=\"cz_16430 cz_image clr cz_image_no_fx center_on_mobile wpb_animate_when_almost_visible bounceIn\"><div class=\"\" ><div class=\"cz_image_in\"><div class=\"cz_main_image\"><img width=\"1024\" height=\"768\" src=\"data:image\/svg+xml,%3Csvg%20xmlns%3D&#39;http%3A%2F%2Fwww.w3.org%2F2000%2Fsvg&#39;%20width=&#39;1024&#39;%20height=&#39;768&#39;%20viewBox%3D&#39;0%200%201024%20768&#39;%2F%3E\" data-czlz data-src=\"http:\/\/kres.aycov.org.tr\/yeni\/wp-content\/uploads\/2019\/02\/s3.jpg\" class=\"attachment-full\" alt=\"\" data-srcset=\"http:\/\/kres.aycov.org.tr\/yeni\/wp-content\/uploads\/2019\/02\/s3.jpg 1024w, http:\/\/kres.aycov.org.tr\/yeni\/wp-content\/uploads\/2019\/02\/s3-300x225.jpg 300w, http:\/\/kres.aycov.org.tr\/yeni\/wp-content\/uploads\/2019\/02\/s3-768x576.jpg 768w, http:\/\/kres.aycov.org.tr\/yeni\/wp-content\/uploads\/2019\/02\/s3-600x450.jpg 600w\" data-sizes=\"(max-width: 1024px) 100vw, 1024px\" \/><\/div><\/div><\/div><\/div><div class=\"cz_gap clr \" style=\"height: 50px\"><\/div>[\/vc_column_inner][vc_column_inner width=&#8221;1\/3&#8243;]<div id=\"cz_71391\" class=\"cz_71391 cz_image clr cz_image_no_fx center_on_mobile wpb_animate_when_almost_visible bounceIn\"><div class=\"\" ><div class=\"cz_image_in\"><div class=\"cz_main_image\"><img width=\"1024\" height=\"768\" src=\"data:image\/svg+xml,%3Csvg%20xmlns%3D&#39;http%3A%2F%2Fwww.w3.org%2F2000%2Fsvg&#39;%20width=&#39;1024&#39;%20height=&#39;768&#39;%20viewBox%3D&#39;0%200%201024%20768&#39;%2F%3E\" data-czlz data-src=\"http:\/\/kres.aycov.org.tr\/yeni\/wp-content\/uploads\/2019\/02\/t13.jpg\" class=\"attachment-full\" alt=\"\" data-srcset=\"http:\/\/kres.aycov.org.tr\/yeni\/wp-content\/uploads\/2019\/02\/t13.jpg 1024w, http:\/\/kres.aycov.org.tr\/yeni\/wp-content\/uploads\/2019\/02\/t13-300x225.jpg 300w, http:\/\/kres.aycov.org.tr\/yeni\/wp-content\/uploads\/2019\/02\/t13-768x576.jpg 768w, http:\/\/kres.aycov.org.tr\/yeni\/wp-content\/uploads\/2019\/02\/t13-600x450.jpg 600w\" data-sizes=\"(max-width: 1024px) 100vw, 1024px\" \/><\/div><\/div><\/div><\/div><div class=\"cz_gap clr \" style=\"height: 50px\"><\/div>[\/vc_column_inner][\/vc_row_inner]<div class=\"cz_gap clr \" style=\"height: 20px\"><\/div><div id=\"cz_32521\" class=\"cz_sep_23 \" ><div class=\"cz_sep cz_sep_23_inner \"><svg preserveAspectRatio=\"none\" xmlns=\"http:\/\/www.w3.org\/2000\/svg\" version=\"1.1\"  width=\"100%\" height=\"150px\" viewBox=\"0 0 100 100\" preserveAspectRatio=\"none\" ><path d=\"M-5 100 Q 0 20 5 100 Z M0 100 Q 5 0 10 100 M5 100 Q 10 30 15 100 M10 100 Q 15 10 20 100 M15 100 Q 20 30 25 100 M20 100 Q 25 -10 30 100 M25 100 Q 30 10 35 100 M30 100 Q 35 30 40 100 M35 100 Q 40 10 45 100 M40 100 Q 45 50 50 100 M45 100 Q 50 20 55 100 M50 100 Q 55 40 60 100 M55 100 Q 60 60 65 100 M60 100 Q 65 50 70 100 M65 100 Q 70 20 75 100 M70 100 Q 75 45 80 100 M75 100 Q 80 30 85 100 M80 100 Q 85 20 90 100 M85 100 Q 90 50 95 100 M90 100 Q 95 25 100 100 M95 100 Q 100 15 105 100 Z\"  style=\"fill: #ffffff;stroke:#ffffff;\"\/><\/svg><\/div><\/div>[\/vc_column][\/vc_row][vc_row full_width=&#8221;stretch_row&#8221;][vc_column]<div class=\"cz_gap clr \" style=\"height: 90px\"><\/div><div id=\"cz_45366\" class=\"cz_45366 cz_title clr cz_smart_fs cz_title_pos_inline\"><div class=\"cz_title_content\"><span class=\"cz_line_side_solo\">_<\/span><div class=\"cz_wpe_content\"><h3><span style=\"font-size: 50px; font-family: 'Comic Sans MS'; color: #3366ff;\">Etkinliklerimiz<\/span><\/h3>\n<\/div><\/div><\/div><div class=\"cz_gap clr \" style=\"height: 50px\"><\/div><div id=\"cz_109871\" class=\"cz_109871\"><div class=\"cz_grid cz_grid_1 clr cz_grid_c4 cz_grid_1_title_sub_after cz_grid_1_no_hover cz_grid_1_bot tal\" data-atts='{\"action\":\"cz_ajax_posts\",\"post_class\":\"cz_grid_item\",\"post__in\":null,\"author__in\":null,\"nonce\":\"20a4e2e3e4\",\"nonce_id\":\"cz_109871\",\"loadmore_end\":\"Not found more posts\",\"layout\":\"cz_grid_c4\",\"hover\":\"cz_grid_1_title_sub_after cz_grid_1_no_hover\",\"image_size\":\"400x400\",\"subtitles\":\"%5B%5D\",\"subtitle_pos\":\"\",\"icon\":\"fa fa-search\",\"el\":\"\",\"title_lenght\":\"\",\"cat_tax\":\"category\",\"cat\":\"59\",\"cat_exclude\":\"\",\"tag_tax\":\"post_tag\",\"tag_id\":\"\",\"tag_exclude\":\"\",\"post_type\":\"post\",\"posts_per_page\":\"\",\"order\":\"DESC\",\"orderby\":\"date\",\"tilt_data\":null,\"svg_sizes\":[\"0\",\"0\"],\"img_fx\":\"\",\"custom_size\":\"400x400\",\"excerpt_rm\":false,\"title_tag\":\"h3\",\"s\":\"\"}'><div class=\"cz_grid_item cz_grid_first\"><\/div><div data-id=\"1950\" class=\"cz_grid_item  cz_posts_list_even post-1950 post type-post status-publish format-gallery has-post-thumbnail hentry category-etkinliklerimiz post_format-post-format-gallery\"><div class=\"clr\"><a class=\"cz_grid_link\" href=\"http:\/\/kres.aycov.org.tr\/yeni\/ogretmenler-gunu-canan-anne-ziyaret\/\" title=\"\u00d6\u011fretmenler G\u00fcn\u00fc Ziyareti\"><img class=\"\" src=\"data:image\/svg+xml,%3Csvg%20xmlns%3D&#39;http%3A%2F%2Fwww.w3.org%2F2000%2Fsvg&#39;%20width=&#39;400&#39;%20height=&#39;400&#39;%20viewBox%3D&#39;0%200%20400%20400&#39;%2F%3E\" data-czlz data-src=\"http:\/\/kres.aycov.org.tr\/yeni\/wp-content\/uploads\/2019\/02\/r3-400x400.jpg\" width=\"400\" height=\"400\" alt=\"r3\" title=\"r3\" \/><div class=\"cz_grid_details\"><i class=\"fa fa-search cz_grid_icon\"><\/i><\/div><\/a><div class=\"cz_grid_details cz_grid_details_outside\"><a class=\"cz_grid_title\" href=\"http:\/\/kres.aycov.org.tr\/yeni\/ogretmenler-gunu-canan-anne-ziyaret\/\"><h3>\u00d6\u011fretmenler G\u00fcn\u00fc Ziyareti<\/h3><\/a><\/div><\/div><\/div><div data-id=\"1943\" class=\"cz_grid_item  cz_posts_list_odd post-1943 post type-post status-publish format-gallery has-post-thumbnail hentry category-etkinliklerimiz post_format-post-format-gallery\"><div class=\"clr\"><a class=\"cz_grid_link\" href=\"http:\/\/kres.aycov.org.tr\/yeni\/kepez-belediye-bask-sn-hakan-tutuncuye-makaminda-ziyaret-2\/\" title=\"Kepez Belediye Ba\u015fkan\u0131 Hakan T\u00fct\u00fcnc\u00fc&#8217;ye Ziyaret\"><img class=\"\" src=\"data:image\/svg+xml,%3Csvg%20xmlns%3D&#39;http%3A%2F%2Fwww.w3.org%2F2000%2Fsvg&#39;%20width=&#39;400&#39;%20height=&#39;400&#39;%20viewBox%3D&#39;0%200%20400%20400&#39;%2F%3E\" data-czlz data-src=\"http:\/\/kres.aycov.org.tr\/yeni\/wp-content\/uploads\/2019\/02\/re3-400x400.jpg\" width=\"400\" height=\"400\" alt=\"re3\" title=\"re3\" \/><div class=\"cz_grid_details\"><i class=\"fa fa-search cz_grid_icon\"><\/i><\/div><\/a><div class=\"cz_grid_details cz_grid_details_outside\"><a class=\"cz_grid_title\" href=\"http:\/\/kres.aycov.org.tr\/yeni\/kepez-belediye-bask-sn-hakan-tutuncuye-makaminda-ziyaret-2\/\"><h3>Kepez Belediye Ba\u015fkan\u0131 Hakan T\u00fct\u00fcnc\u00fc&#8217;ye Ziyaret<\/h3><\/a><\/div><\/div><\/div><div data-id=\"1924\" class=\"cz_grid_item  cz_posts_list_even post-1924 post type-post status-publish format-gallery has-post-thumbnail hentry category-etkinliklerimiz post_format-post-format-gallery\"><div class=\"clr\"><a class=\"cz_grid_link\" href=\"http:\/\/kres.aycov.org.tr\/yeni\/kis-mevsimi-konulu-etkinliklerimiz\/\" title=\"K\u0131\u015f Mevsimi Konulu Etkinliklerimiz\"><img class=\"\" src=\"data:image\/svg+xml,%3Csvg%20xmlns%3D&#39;http%3A%2F%2Fwww.w3.org%2F2000%2Fsvg&#39;%20width=&#39;400&#39;%20height=&#39;400&#39;%20viewBox%3D&#39;0%200%20400%20400&#39;%2F%3E\" data-czlz data-src=\"http:\/\/kres.aycov.org.tr\/yeni\/wp-content\/uploads\/2019\/02\/a14-400x400.jpg\" width=\"400\" height=\"400\" alt=\"a14\" title=\"a14\" \/><div class=\"cz_grid_details\"><i class=\"fa fa-search cz_grid_icon\"><\/i><\/div><\/a><div class=\"cz_grid_details cz_grid_details_outside\"><a class=\"cz_grid_title\" href=\"http:\/\/kres.aycov.org.tr\/yeni\/kis-mevsimi-konulu-etkinliklerimiz\/\"><h3>K\u0131\u015f Mevsimi Konulu Etkinliklerimiz<\/h3><\/a><\/div><\/div><\/div><div data-id=\"1908\" class=\"cz_grid_item  cz_posts_list_odd post-1908 post type-post status-publish format-gallery has-post-thumbnail hentry category-etkinliklerimiz post_format-post-format-gallery\"><div class=\"clr\"><a class=\"cz_grid_link\" href=\"http:\/\/kres.aycov.org.tr\/yeni\/tutum-yatirim-ve-yerli-mali-haftasi\/\" title=\"Tutum, Yat\u0131r\u0131m ve Yerli Mal\u0131 Haftas\u0131\"><img class=\"\" src=\"data:image\/svg+xml,%3Csvg%20xmlns%3D&#39;http%3A%2F%2Fwww.w3.org%2F2000%2Fsvg&#39;%20width=&#39;400&#39;%20height=&#39;400&#39;%20viewBox%3D&#39;0%200%20400%20400&#39;%2F%3E\" data-czlz data-src=\"http:\/\/kres.aycov.org.tr\/yeni\/wp-content\/uploads\/2019\/02\/s4-3-400x400.jpg\" width=\"400\" height=\"400\" alt=\"s4\" title=\"s4\" \/><div class=\"cz_grid_details\"><i class=\"fa fa-search cz_grid_icon\"><\/i><\/div><\/a><div class=\"cz_grid_details cz_grid_details_outside\"><a class=\"cz_grid_title\" href=\"http:\/\/kres.aycov.org.tr\/yeni\/tutum-yatirim-ve-yerli-mali-haftasi\/\"><h3>Tutum, Yat\u0131r\u0131m ve Yerli Mal\u0131 Haftas\u0131<\/h3><\/a><\/div><\/div><\/div><\/div><\/div><div class=\"cz_gap clr \" style=\"height: 50px\"><\/div>[\/vc_column][\/vc_row]<\/p>\n","protected":false},"excerpt":{"rendered":"<p>[vc_row full_width=&#8221;stretch_row_content_no_spaces&#8221;][vc_column][\/vc_column][\/vc_row][vc_row][vc_column offset=&#8221;vc_col-md-6&#8243;][\/vc_column][vc_column offset=&#8221;vc_col-md-6&#8243;][\/vc_column][\/vc_row][vc_row][vc_column][\/vc_column][\/vc_row][vc_row full_width=&#8221;stretch_row&#8221; css=&#8221;.vc_custom_1533025806010{background: #fff9af url(http:\/\/aycov.org.tr\/kres\/wp-content\/uploads\/2018\/07\/pat.png?id=1226) !important;background-position: 0 0 !important;background-repeat: repeat !important;}&#8221;][vc_column][vc_row_inner][vc_column_inner width=&#8221;1\/3&#8243;][\/vc_column_inner][vc_column_inner width=&#8221;1\/3&#8243;][\/vc_column_inner][vc_column_inner width=&#8221;1\/3&#8243;][\/vc_column_inner][\/vc_row_inner][\/vc_column][\/vc_row][vc_row full_width=&#8221;stretch_row&#8221;][vc_column][\/vc_column][\/vc_row] &#8230; <a class=\"cz_readmore\" href=\"http:\/\/kres.aycov.org.tr\/yeni\/tutum-yatirim-ve-yerli-mali-haftasi\/\"><i class=\"fa fa-arrow-right\"><\/i><span>Devam\u0131n\u0131 Oku<\/span><\/a><\/p>\n","protected":false},"author":1,"featured_media":0,"parent":0,"menu_order":0,"comment_status":"closed","ping_status":"closed","template":"","meta":[],"_links":{"self":[{"href":"http:\/\/kres.aycov.org.tr\/yeni\/wp-json\/wp\/v2\/pages\/880"}],"collection":[{"href":"http:\/\/kres.aycov.org.tr\/yeni\/wp-json\/wp\/v2\/pages"}],"about":[{"href":"http:\/\/kres.aycov.org.tr\/yeni\/wp-json\/wp\/v2\/types\/page"}],"author":[{"embeddable":true,"href":"http:\/\/kres.aycov.org.tr\/yeni\/wp-json\/wp\/v2\/users\/1"}],"replies":[{"embeddable":true,"href":"http:\/\/kres.aycov.org.tr\/yeni\/wp-json\/wp\/v2\/comments?post=880"}],"version-history":[{"count":26,"href":"http:\/\/kres.aycov.org.tr\/yeni\/wp-json\/wp\/v2\/pages\/880\/revisions"}],"predecessor-version":[{"id":1976,"href":"http:\/\/kres.aycov.org.tr\/yeni\/wp-json\/wp\/v2\/pages\/880\/revisions\/1976"}],"wp:attachment":[{"href":"http:\/\/kres.aycov.org.tr\/yeni\/wp-json\/wp\/v2\/media?parent=880"}],"curies":[{"name":"wp","href":"https:\/\/api.w.org\/{rel}","templated":true}]}}