{"id":881,"date":"2018-05-29T11:11:20","date_gmt":"2018-05-29T11:11:20","guid":{"rendered":"http:\/\/xtratheme.com\/default\/?page_id=7"},"modified":"2019-02-13T07:13:03","modified_gmt":"2019-02-13T04:13:03","slug":"kresimiz","status":"publish","type":"page","link":"http:\/\/kres.aycov.org.tr\/yeni\/kresimiz\/","title":{"rendered":"Kre\u015fimiz"},"content":{"rendered":"<p>[vc_row][vc_column]<div id=\"cz_29443\" class=\"cz_29443 cz_image clr cz_image_no_fx center_on_mobile\"><div class=\"\" ><div class=\"cz_image_in\"><div class=\"cz_main_image\"><img width=\"1200\" height=\"354\" src=\"data:image\/svg+xml,%3Csvg%20xmlns%3D&#39;http%3A%2F%2Fwww.w3.org%2F2000%2Fsvg&#39;%20width=&#39;1200&#39;%20height=&#39;354&#39;%20viewBox%3D&#39;0%200%201200%20354&#39;%2F%3E\" data-czlz data-src=\"http:\/\/kres.aycov.org.tr\/yeni\/wp-content\/uploads\/2018\/08\/about.jpg\" class=\"attachment-full\" alt=\"\" data-srcset=\"http:\/\/kres.aycov.org.tr\/yeni\/wp-content\/uploads\/2018\/08\/about.jpg 1200w, http:\/\/kres.aycov.org.tr\/yeni\/wp-content\/uploads\/2018\/08\/about-300x89.jpg 300w, http:\/\/kres.aycov.org.tr\/yeni\/wp-content\/uploads\/2018\/08\/about-768x227.jpg 768w, http:\/\/kres.aycov.org.tr\/yeni\/wp-content\/uploads\/2018\/08\/about-1024x302.jpg 1024w, http:\/\/kres.aycov.org.tr\/yeni\/wp-content\/uploads\/2018\/08\/about-600x177.jpg 600w\" data-sizes=\"(max-width: 1200px) 100vw, 1200px\" \/><\/div><\/div><\/div><\/div><div class=\"cz_gap clr \" style=\"height: 80px\"><\/div>[vc_row_inner][vc_column_inner offset=&#8221;vc_col-md-6&#8243;]<div id=\"cz_94104\" class=\"cz_94104 cz_title clr cz_smart_fs cz_title_pos_inline\"><div class=\"cz_title_shape shape_text cz_shape_1\">Kre\u015fimiz<\/div><div class=\"cz_title_content\"><span class=\"cz_line_side_solo\">_<\/span><div class=\"cz_wpe_content\"><h3><span style=\"font-size: 50px; font-family: 'Comic Sans MS';\">Kre\u015fimiz<\/span><\/h3>\n<\/div><\/div><\/div><div class=\"cz_gap clr \" style=\"height: 50px\"><\/div><div id=\"cz_28997\" class=\"cz_28997 cz_title clr cz_title_pos_inline\"><div class=\"cz_title_content\"><div class=\"cz_wpe_content\"><p>0-6 ya\u015f gurubu \u00e7ocuklar\u0131na hizmet veren kre\u015fimiz sosyal hizmetler kurumuna ba\u011fl\u0131d\u0131r. Psikolo\u011fumuz e\u015fli\u011finde de\u011ferlendirdi\u011fimiz \u00f6\u011frencilerimizi aile kat\u0131l\u0131mlar\u0131 ile birlikte bir ad\u0131m \u00f6teye ta\u015f\u0131mak amac\u0131m\u0131zd\u0131r.<\/p>\n<p>&nbsp;<\/p>\n<p>Psikolo\u011fumuz taraf\u0131ndan g\u00f6zlemlenecek \u00e7ocuklar\u0131m\u0131z\u0131n oyun davran\u0131\u015flar\u0131, olas\u0131 problem davran\u0131\u015flar\u0131, resim \u00e7al\u0131\u015fmalar\u0131 ve faaliyetleri de\u011ferlendirilecek ve \u00e7ocuklar\u0131m\u0131z\u0131n her t\u00fcrl\u00fc geli\u015fimini desteklemek \u00fczere aile i\u015fbirli\u011fi te\u015fvik edilecektir.<\/p>\n<p>&nbsp;<\/p>\n<p>Yap\u0131lacak aile g\u00f6r\u00fc\u015fmeleri ile \u00e7ocuklar\u0131m\u0131z\u0131n sorunlar\u0131n\u0131, s\u0131k\u0131nt\u0131lar\u0131n\u0131 anlayarak kal\u0131c\u0131 \u00e7\u00f6z\u00fcmler bulmak ve \u00e7ocuklar\u0131m\u0131z\u0131n mutlulu\u011funu, ba\u015far\u0131s\u0131n\u0131 daimi k\u0131lmak amac\u0131nday\u0131z.<\/p>\n<\/div><\/div><\/div><div class=\"cz_gap clr \" style=\"height: 50px\"><\/div>[\/vc_column_inner][vc_column_inner offset=&#8221;vc_col-md-3&#8243;]<div class=\"cz_gap clr \" style=\"height: 35px\"><\/div><div id=\"cz_41447\" class=\"cz_41447 cz_image clr cz_image_no_fx center_on_mobile\"><div class=\"\" ><div class=\"cz_image_in\"><div class=\"cz_main_image\"><img width=\"1024\" height=\"768\" src=\"data:image\/svg+xml,%3Csvg%20xmlns%3D&#39;http%3A%2F%2Fwww.w3.org%2F2000%2Fsvg&#39;%20width=&#39;1024&#39;%20height=&#39;768&#39;%20viewBox%3D&#39;0%200%201024%20768&#39;%2F%3E\" data-czlz data-src=\"http:\/\/kres.aycov.org.tr\/yeni\/wp-content\/uploads\/2019\/02\/s5.jpg\" class=\"attachment-full\" alt=\"\" data-srcset=\"http:\/\/kres.aycov.org.tr\/yeni\/wp-content\/uploads\/2019\/02\/s5.jpg 1024w, http:\/\/kres.aycov.org.tr\/yeni\/wp-content\/uploads\/2019\/02\/s5-300x225.jpg 300w, http:\/\/kres.aycov.org.tr\/yeni\/wp-content\/uploads\/2019\/02\/s5-768x576.jpg 768w, http:\/\/kres.aycov.org.tr\/yeni\/wp-content\/uploads\/2019\/02\/s5-600x450.jpg 600w\" data-sizes=\"(max-width: 1024px) 100vw, 1024px\" \/><\/div><\/div><\/div><\/div><div class=\"cz_gap clr \" style=\"height: 40px\"><\/div><div id=\"cz_84802\" class=\"cz_84802 cz_image clr cz_image_no_fx center_on_mobile\"><div class=\"\" ><div class=\"cz_image_in\"><div class=\"cz_main_image\"><img width=\"1024\" height=\"768\" src=\"data:image\/svg+xml,%3Csvg%20xmlns%3D&#39;http%3A%2F%2Fwww.w3.org%2F2000%2Fsvg&#39;%20width=&#39;1024&#39;%20height=&#39;768&#39;%20viewBox%3D&#39;0%200%201024%20768&#39;%2F%3E\" data-czlz data-src=\"http:\/\/kres.aycov.org.tr\/yeni\/wp-content\/uploads\/2019\/02\/s4.jpg\" class=\"attachment-full\" alt=\"\" data-srcset=\"http:\/\/kres.aycov.org.tr\/yeni\/wp-content\/uploads\/2019\/02\/s4.jpg 1024w, http:\/\/kres.aycov.org.tr\/yeni\/wp-content\/uploads\/2019\/02\/s4-300x225.jpg 300w, http:\/\/kres.aycov.org.tr\/yeni\/wp-content\/uploads\/2019\/02\/s4-768x576.jpg 768w, http:\/\/kres.aycov.org.tr\/yeni\/wp-content\/uploads\/2019\/02\/s4-600x450.jpg 600w\" data-sizes=\"(max-width: 1024px) 100vw, 1024px\" \/><\/div><\/div><\/div><\/div><div class=\"cz_gap clr \" style=\"height: 40px\"><\/div>[\/vc_column_inner][vc_column_inner offset=&#8221;vc_col-md-3&#8243;]<div class=\"cz_gap clr \" style=\"height: 35px\"><\/div><div id=\"cz_74655\" class=\"cz_74655 cz_image clr cz_image_no_fx center_on_mobile\"><div class=\"\" ><div class=\"cz_image_in\"><div class=\"cz_main_image\"><img width=\"1024\" height=\"768\" src=\"data:image\/svg+xml,%3Csvg%20xmlns%3D&#39;http%3A%2F%2Fwww.w3.org%2F2000%2Fsvg&#39;%20width=&#39;1024&#39;%20height=&#39;768&#39;%20viewBox%3D&#39;0%200%201024%20768&#39;%2F%3E\" data-czlz data-src=\"http:\/\/kres.aycov.org.tr\/yeni\/wp-content\/uploads\/2019\/02\/s4.jpg\" class=\"attachment-full\" alt=\"\" data-srcset=\"http:\/\/kres.aycov.org.tr\/yeni\/wp-content\/uploads\/2019\/02\/s4.jpg 1024w, http:\/\/kres.aycov.org.tr\/yeni\/wp-content\/uploads\/2019\/02\/s4-300x225.jpg 300w, http:\/\/kres.aycov.org.tr\/yeni\/wp-content\/uploads\/2019\/02\/s4-768x576.jpg 768w, http:\/\/kres.aycov.org.tr\/yeni\/wp-content\/uploads\/2019\/02\/s4-600x450.jpg 600w\" data-sizes=\"(max-width: 1024px) 100vw, 1024px\" \/><\/div><\/div><\/div><\/div><div class=\"cz_gap clr \" style=\"height: 40px\"><\/div><div id=\"cz_27384\" class=\"cz_27384 cz_image clr cz_image_no_fx center_on_mobile\"><div class=\"\" ><div class=\"cz_image_in\"><div class=\"cz_main_image\"><img width=\"1024\" height=\"768\" src=\"data:image\/svg+xml,%3Csvg%20xmlns%3D&#39;http%3A%2F%2Fwww.w3.org%2F2000%2Fsvg&#39;%20width=&#39;1024&#39;%20height=&#39;768&#39;%20viewBox%3D&#39;0%200%201024%20768&#39;%2F%3E\" data-czlz data-src=\"http:\/\/kres.aycov.org.tr\/yeni\/wp-content\/uploads\/2019\/02\/s2.jpg\" class=\"attachment-full\" alt=\"\" data-srcset=\"http:\/\/kres.aycov.org.tr\/yeni\/wp-content\/uploads\/2019\/02\/s2.jpg 1024w, http:\/\/kres.aycov.org.tr\/yeni\/wp-content\/uploads\/2019\/02\/s2-300x225.jpg 300w, http:\/\/kres.aycov.org.tr\/yeni\/wp-content\/uploads\/2019\/02\/s2-768x576.jpg 768w, http:\/\/kres.aycov.org.tr\/yeni\/wp-content\/uploads\/2019\/02\/s2-600x450.jpg 600w\" data-sizes=\"(max-width: 1024px) 100vw, 1024px\" \/><\/div><\/div><\/div><\/div><div class=\"cz_gap clr \" style=\"height: 40px\"><\/div>[\/vc_column_inner][\/vc_row_inner][\/vc_column][\/vc_row]<\/p>\n","protected":false},"excerpt":{"rendered":"<p>[vc_row][vc_column][vc_row_inner][vc_column_inner offset=&#8221;vc_col-md-6&#8243;][\/vc_column_inner][vc_column_inner offset=&#8221;vc_col-md-3&#8243;][\/vc_column_inner][vc_column_inner offset=&#8221;vc_col-md-3&#8243;][\/vc_column_inner][\/vc_row_inner][\/vc_column][\/vc_row] &#8230; <\/p>\n","protected":false},"author":1,"featured_media":0,"parent":0,"menu_order":0,"comment_status":"closed","ping_status":"closed","template":"","meta":[],"_links":{"self":[{"href":"http:\/\/kres.aycov.org.tr\/yeni\/wp-json\/wp\/v2\/pages\/881"}],"collection":[{"href":"http:\/\/kres.aycov.org.tr\/yeni\/wp-json\/wp\/v2\/pages"}],"about":[{"href":"http:\/\/kres.aycov.org.tr\/yeni\/wp-json\/wp\/v2\/types\/page"}],"author":[{"embeddable":true,"href":"http:\/\/kres.aycov.org.tr\/yeni\/wp-json\/wp\/v2\/users\/1"}],"replies":[{"embeddable":true,"href":"http:\/\/kres.aycov.org.tr\/yeni\/wp-json\/wp\/v2\/comments?post=881"}],"version-history":[{"count":5,"href":"http:\/\/kres.aycov.org.tr\/yeni\/wp-json\/wp\/v2\/pages\/881\/revisions"}],"predecessor-version":[{"id":1463,"href":"http:\/\/kres.aycov.org.tr\/yeni\/wp-json\/wp\/v2\/pages\/881\/revisions\/1463"}],"wp:attachment":[{"href":"http:\/\/kres.aycov.org.tr\/yeni\/wp-json\/wp\/v2\/media?parent=881"}],"curies":[{"name":"wp","href":"https:\/\/api.w.org\/{rel}","templated":true}]}}